{"id":2,"date":"2025-12-21T17:39:40","date_gmt":"2025-12-21T10:39:40","guid":{"rendered":"https:\/\/www.demo.vietnamweb.asia\/?page_id=2"},"modified":"2025-12-21T19:40:09","modified_gmt":"2025-12-21T12:40:09","slug":"trang-chu","status":"publish","type":"page","link":"https:\/\/01okfun.org\/","title":{"rendered":"01okfun com &#8211; C\u00e1 C\u01b0\u1ee3c Th\u1ec3 Thao Th\u01b0\u1edfng N\u1ea1p \u0110\u1ea7u L\u00ean \u0110\u1ebfn 150%"},"content":{"rendered":"<h2><span style=\"font-size: 110%; color: #f99b1c;\"><strong>TRANG CH\u1ee6 \u0110\u0102NG NH\u1eacP NH\u00c0 C\u00c1I OKFUN<\/strong><\/span><\/h2>\n<p>Link trang t\u1ed5ng v\u00e0o 01okfun com ch\u00ednh th\u1ee9c c\u1eadp nh\u1eadt ng\u00e0y h\u00f4m nay m\u1edbi nh\u1ea5t:<\/p>\n<div class=\"row row-small\"  id=\"row-1212154154\">\n\n\t<div id=\"col-380981500\" class=\"col medium-4 small-12 large-4\"  >\n\t\t\t\t<div class=\"col-inner\"  >\n\t\t\t\n\t\t\t\n\t<div class=\"img has-hover x md-x lg-x y md-y lg-y\" id=\"image_1258389986\">\n\t\t<a class=\"\" href=\"https:\/\/qcte88.pro\/hwcf\" >\t\t\t\t\t\t<div class=\"img-inner dark\" >\n\t\t\t<img loading=\"lazy\" decoding=\"async\" width=\"400\" height=\"188\" src=\"https:\/\/01okfun.org\/wp-content\/uploads\/2025\/03\/dang-ky.webp\" class=\"attachment-original size-original\" alt=\"\u0110\u0103ng k\u00fd nh\u00e0 c\u00e1i\" srcset=\"https:\/\/01okfun.org\/wp-content\/uploads\/2025\/03\/dang-ky.webp 400w, https:\/\/01okfun.org\/wp-content\/uploads\/2025\/03\/dang-ky-300x141.webp 300w\" sizes=\"auto, (max-width: 400px) 100vw, 400px\" \/>\t\t\t\t\t\t\n\t\t\t\t\t<\/div>\n\t\t\t\t\t\t<\/a>\t\t\n<style>\n#image_1258389986 {\n  width: 100%;\n}\n<\/style>\n\t<\/div>\n\t\n\t\t<\/div>\n\t\t\t\t\t<\/div>\n\n\t\n\n\t<div id=\"col-1373875415\" class=\"col medium-4 small-12 large-4\"  >\n\t\t\t\t<div class=\"col-inner\"  >\n\t\t\t\n\t\t\t\n\t<div class=\"img has-hover x md-x lg-x y md-y lg-y\" id=\"image_640125203\">\n\t\t<a class=\"\" href=\"https:\/\/qcte88.pro\/hwcf\" >\t\t\t\t\t\t<div class=\"img-inner dark\" >\n\t\t\t<img loading=\"lazy\" decoding=\"async\" width=\"400\" height=\"188\" src=\"https:\/\/01okfun.org\/wp-content\/uploads\/2025\/03\/dang-nhap.webp\" class=\"attachment-original size-original\" alt=\"\u0110\u0103ng nh\u1eadp t\u1ea3i app\" srcset=\"https:\/\/01okfun.org\/wp-content\/uploads\/2025\/03\/dang-nhap.webp 400w, https:\/\/01okfun.org\/wp-content\/uploads\/2025\/03\/dang-nhap-300x141.webp 300w\" sizes=\"auto, (max-width: 400px) 100vw, 400px\" \/>\t\t\t\t\t\t\n\t\t\t\t\t<\/div>\n\t\t\t\t\t\t<\/a>\t\t\n<style>\n#image_640125203 {\n  width: 100%;\n}\n<\/style>\n\t<\/div>\n\t\n\t\t<\/div>\n\t\t\t\t\t<\/div>\n\n\t\n\n\t<div id=\"col-1832651557\" class=\"col medium-4 small-12 large-4\"  >\n\t\t\t\t<div class=\"col-inner\"  >\n\t\t\t\n\t\t\t\n\t<div class=\"img has-hover x md-x lg-x y md-y lg-y\" id=\"image_1564167617\">\n\t\t<a class=\"\" href=\"https:\/\/qcte88.pro\/hwcf\" >\t\t\t\t\t\t<div class=\"img-inner dark\" >\n\t\t\t<img loading=\"lazy\" decoding=\"async\" width=\"400\" height=\"188\" src=\"https:\/\/01okfun.org\/wp-content\/uploads\/2025\/03\/khuyen-mai.webp\" class=\"attachment-original size-original\" alt=\"Khuy\u1ebfn m\u00e3i th\u00e0nh vi\u00ean\" srcset=\"https:\/\/01okfun.org\/wp-content\/uploads\/2025\/03\/khuyen-mai.webp 400w, https:\/\/01okfun.org\/wp-content\/uploads\/2025\/03\/khuyen-mai-300x141.webp 300w\" sizes=\"auto, (max-width: 400px) 100vw, 400px\" \/>\t\t\t\t\t\t\n\t\t\t\t\t<\/div>\n\t\t\t\t\t\t<\/a>\t\t\n<style>\n#image_1564167617 {\n  width: 100%;\n}\n<\/style>\n\t<\/div>\n\t\n\t\t<\/div>\n\t\t\t\t\t<\/div>\n\n\t\n<\/div>\n\t<div id=\"gap-773687706\" class=\"gap-element clearfix\" style=\"display:block; height:auto;\">\n\t\t\n<style>\n#gap-773687706 {\n  padding-top: 16px;\n}\n<\/style>\n\t<\/div>\n\t\n\t<div id=\"gap-222548131\" class=\"gap-element clearfix\" style=\"display:block; height:auto;\">\n\t\t\n<style>\n#gap-222548131 {\n  padding-top: 15px;\n}\n<\/style>\n\t<\/div>\n\t\n<p><strong>Disclaimer (Tuy\u00ean b\u1ed1 mi\u1ec5n tr\u1eeb):<\/strong> 01okfun.org \u0111\u01b0\u1ee3c x\u00e2y d\u1ef1ng cho ng\u01b0\u1eddi d\u00f9ng t\u1eeb 18 tu\u1ed5i tr\u1edf l\u00ean v\u00e0 kh\u00f4ng thu\u1ed9c khu v\u1ef1c Vi\u1ec7t Nam. C\u00e1c b\u00e0i vi\u1ebft v\u00e0 n\u1ed9i dung ch\u1ec9 mang t\u00ednh cung c\u1ea5p th\u00f4ng tin, kh\u00f4ng khuy\u1ebfn kh\u00edch \u0111\u1ea7u t\u01b0. 01okfun bet kh\u00f4ng ch\u1ecbu tr\u00e1ch nhi\u1ec7m \u0111\u1ed1i v\u1edbi m\u1ecdi r\u1ee7i ro t\u00e0i ch\u00ednh ph\u00e1t sinh khi ng\u01b0\u1eddi d\u00f9ng t\u1ef1 \u0111\u01b0a ra quy\u1ebft \u0111\u1ecbnh.<\/p>\n<h2 class=\"tieu-de uppercase\"><span style=\"color: #3366ff;\"><strong>FAQ &#8211; th\u1eafc m\u1eafc th\u01b0\u1eddng th\u1ea5y khi ch\u01a1i tr\u00ean OKFUN<\/strong><\/span><\/h2>\n<div class=\"accordion\"><\/div>\n\t<div id=\"accordion-701450867\" class=\"accordion-item\">\n\t\t<a id=\"accordion-701450867-label\" class=\"accordion-title plain\" href=\"#accordion-item-%20c\u00f3-nh\u1eefng-\u0111\u01b0\u1eddng-d\u1eabn-truy-c\u1eadp-01-okfun.com-n\u00e0o?-\" aria-expanded=\"false\" aria-controls=\"accordion-701450867-content\" >\n\t\t\t<button class=\"toggle\" aria-label=\"Chuy\u1ec3n \u0111\u1ed5i\"><i class=\"icon-angle-down\"><\/i><\/button>\n\t\t\t<span> C\u00f3 nh\u1eefng \u0111\u01b0\u1eddng d\u1eabn truy c\u1eadp 01 okfun.com n\u00e0o? <\/span>\n\t\t<\/a>\n\t\t<div id=\"accordion-701450867-content\" class=\"accordion-inner\" aria-labelledby=\"accordion-701450867-label\" >\n\t\t\t\n<p><span style=\"color: #3366ff;\">Nh\u00e0 c\u00e1i Okfun .com cung c\u1ea5p c\u00e1c \u0111\u01b0\u1eddng d\u1eabn truy c\u1eadp sau:<\/span><\/p>\n<ul>\n<li><span style=\"color: #3366ff;\">01okfun.com<\/span><\/li>\n<li><span style=\"color: #3366ff;\">0 1okfun.casino<\/span><\/li>\n<li><span style=\"color: #3366ff;\">01 okfun.game<\/span><\/li>\n<li><span style=\"color: #3366ff;\">01okfun . app<\/span><\/li>\n<li><span style=\"color: #3366ff;\">01okfun .bet<\/span><\/li>\n<li><span style=\"color: #3366ff;\">01 okfun .win<\/span><\/li>\n<\/ul>\n<p>#trangchuokfun #dangnhapokfun #dangkyokfun #taiappokfun #appokfun #okfunbet #okfuncasino<\/p>\n<p>#trangchu01okfun #dangnhap01okfun #dangky01okfun #taiapp01okfun #app01okfun #01okfunbet #01okfuncasino<\/p>\n\t\t<\/div>\n\t<\/div>\n\t\n\t<div id=\"accordion-1226026728\" class=\"accordion-item\">\n\t\t<a id=\"accordion-1226026728-label\" class=\"accordion-title plain\" href=\"#accordion-item-c\u00e1ch-t\u1ea3i-app-nh\u00e0-c\u00e1i-01okfun.casino?\" aria-expanded=\"false\" aria-controls=\"accordion-1226026728-content\" >\n\t\t\t<button class=\"toggle\" aria-label=\"Chuy\u1ec3n \u0111\u1ed5i\"><i class=\"icon-angle-down\"><\/i><\/button>\n\t\t\t<span>C\u00e1ch t\u1ea3i app nh\u00e0 c\u00e1i 01okfun.casino?<\/span>\n\t\t<\/a>\n\t\t<div id=\"accordion-1226026728-content\" class=\"accordion-inner\" aria-labelledby=\"accordion-1226026728-label\" >\n\t\t\t\n<p><span style=\"color: #3366ff;\">Ng\u01b0\u1eddi ch\u01a1i truy c\u1eadp trang ch\u1ee7 nh\u00e0 c\u00e1i Okfun sau \u0111\u00f3 nh\u1ea5p v\u00e0o m\u1ee5c T\u1ea3i App. Ch\u1ecdn h\u1ec7 \u0111i\u1ec1u h\u00e0nh ph\u00f9 h\u1ee3p v\u1edbi thi\u1ebft b\u1ecb \u0111ang d\u00f9ng (iOs ho\u1eb7c Android). Ch\u1ecdn t\u1ea3i v\u1ec1 sau \u0111\u00f3 c\u00e0i \u0111\u1eb7t theo h\u01b0\u1edbng d\u1eabn tr\u00ean thi\u1ebft b\u1ecb \u0111\u1ec3 ho\u00e0n th\u00e0nh.<\/span><\/p>\n\t\t<\/div>\n\t<\/div>\n\t\n\t<div id=\"accordion-1251039516\" class=\"accordion-item\">\n\t\t<a id=\"accordion-1251039516-label\" class=\"accordion-title plain\" href=\"#accordion-item-nh\u00e0-c\u00e1i-01okfun-con-c\u00f3-uy-t\u00edn-kh\u00f4ng?\" aria-expanded=\"false\" aria-controls=\"accordion-1251039516-content\" >\n\t\t\t<button class=\"toggle\" aria-label=\"Chuy\u1ec3n \u0111\u1ed5i\"><i class=\"icon-angle-down\"><\/i><\/button>\n\t\t\t<span>Nh\u00e0 c\u00e1i 01okfun con c\u00f3 uy t\u00edn kh\u00f4ng?<\/span>\n\t\t<\/a>\n\t\t<div id=\"accordion-1251039516-content\" class=\"accordion-inner\" aria-labelledby=\"accordion-1251039516-label\" >\n\t\t\t\n<p><span style=\"color: #3366ff;\">Okfun game \u0111\u01b0\u1ee3c bi\u1ebft \u0111\u1ebfn l\u00e0 m\u1ed9t nh\u00e0 c\u00e1i uy t\u00edn thu\u1ed9c li\u00ean minh OKWIN. T\u1ea5t c\u1ea3 c\u00e1c ho\u1ea1t \u0111\u1ed9ng \u0111\u1ec1u \u0111\u01b0\u1ee3c gi\u00e1m s\u00e1t v\u00e0 ch\u1ecbu s\u1ef1 qu\u1ea3n l\u00fd ch\u1eb7t ch\u1ebd c\u1ee7a c\u00e1c t\u1ed5 ch\u1ee9c uy t\u00edn tr\u00ean. Do \u0111\u00f3 \u0111\u1ea3m b\u1ea3o mang \u0111\u1ebfn cho ng\u01b0\u1eddi ch\u01a1i s\u00e2n ch\u01a1i uy t\u00edn an to\u00e0n minh b\u1ea1ch<\/span><\/p>\n\t\t<\/div>\n\t<\/div>\n\t\n\t<div id=\"accordion-3310845983\" class=\"accordion-item\">\n\t\t<a id=\"accordion-3310845983-label\" class=\"accordion-title plain\" href=\"#accordion-item-ch\u01a1i-01okfun-app-c\u00f3-r\u00fat-\u0111\u01b0\u1ee3c-ti\u1ec1n-kh\u00f4ng?\" aria-expanded=\"false\" aria-controls=\"accordion-3310845983-content\" >\n\t\t\t<button class=\"toggle\" aria-label=\"Chuy\u1ec3n \u0111\u1ed5i\"><i class=\"icon-angle-down\"><\/i><\/button>\n\t\t\t<span>Ch\u01a1i 01okfun app c\u00f3 r\u00fat \u0111\u01b0\u1ee3c ti\u1ec1n kh\u00f4ng?<\/span>\n\t\t<\/a>\n\t\t<div id=\"accordion-3310845983-content\" class=\"accordion-inner\" aria-labelledby=\"accordion-3310845983-label\" >\n\t\t\t\n<p><span style=\"color: #3366ff;\">H\u1ed9i vi\u00ean Okfun app ho\u00e0n to\u00e0n r\u00fat \u0111\u01b0\u1ee3c ti\u1ec1n khi \u0111\u00e3 \u0111\u1ee7 \u0111i\u1ec1u ki\u1ec7n th\u01b0\u1eddng th\u00ec sau 1 v\u00f2ng c\u01b0\u1ee3c ho\u1eb7c s\u1ed1 v\u00f2ng c\u01b0\u1ee3c c\u1ee7a nh\u1eefng ch\u01b0\u01a1ng tr\u00ecnh khuy\u1ebfn m\u00e3i \u0111\u00e3 th\u00f4ng b\u00e1o chi ti\u1ebft \u0111\u1ebfn ng\u01b0\u1eddi ch\u01a1i.<\/span><\/p>\n\t\t<\/div>\n\t<\/div>\n\t\n<p>&nbsp;<\/p>\n","protected":false},"excerpt":{"rendered":"<p>TRANG CH\u1ee6 \u0110\u0102NG NH\u1eacP NH\u00c0 C\u00c1I OKFUN Link trang t\u1ed5ng v\u00e0o 01okfun com ch\u00ednh th\u1ee9c c\u1eadp nh\u1eadt ng\u00e0y h\u00f4m nay m\u1edbi nh\u1ea5t: Disclaimer (Tuy\u00ean b\u1ed1 mi\u1ec5n tr\u1eeb): 01okfun.org \u0111\u01b0\u1ee3c x\u00e2y d\u1ef1ng cho ng\u01b0\u1eddi d\u00f9ng t\u1eeb 18 tu\u1ed5i tr\u1edf l\u00ean v\u00e0 kh\u00f4ng thu\u1ed9c khu v\u1ef1c Vi\u1ec7t Nam. C\u00e1c b\u00e0i vi\u1ebft v\u00e0 n\u1ed9i dung ch\u1ec9 mang t\u00ednh&#8230;<\/p>\n","protected":false},"author":1,"featured_media":0,"parent":0,"menu_order":0,"comment_status":"closed","ping_status":"open","template":"page-right-sidebar.php","meta":{"footnotes":""},"class_list":["post-2","page","type-page","status-publish","hentry"],"_links":{"self":[{"href":"https:\/\/01okfun.org\/index.php?rest_route=\/wp\/v2\/pages\/2","targetHints":{"allow":["GET"]}}],"collection":[{"href":"https:\/\/01okfun.org\/index.php?rest_route=\/wp\/v2\/pages"}],"about":[{"href":"https:\/\/01okfun.org\/index.php?rest_route=\/wp\/v2\/types\/page"}],"author":[{"embeddable":true,"href":"https:\/\/01okfun.org\/index.php?rest_route=\/wp\/v2\/users\/1"}],"replies":[{"embeddable":true,"href":"https:\/\/01okfun.org\/index.php?rest_route=%2Fwp%2Fv2%2Fcomments&post=2"}],"version-history":[{"count":55,"href":"https:\/\/01okfun.org\/index.php?rest_route=\/wp\/v2\/pages\/2\/revisions"}],"predecessor-version":[{"id":634,"href":"https:\/\/01okfun.org\/index.php?rest_route=\/wp\/v2\/pages\/2\/revisions\/634"}],"wp:attachment":[{"href":"https:\/\/01okfun.org\/index.php?rest_route=%2Fwp%2Fv2%2Fmedia&parent=2"}],"curies":[{"name":"wp","href":"https:\/\/api.w.org\/{rel}","templated":true}]}}